{"id":9,"date":"2023-04-27T12:22:10","date_gmt":"2023-04-27T15:22:10","guid":{"rendered":"https:\/\/latic.uerj.br\/egressos\/?page_id=9"},"modified":"2023-05-19T16:11:21","modified_gmt":"2023-05-19T19:11:21","slug":"quemsomos","status":"publish","type":"page","link":"https:\/\/latic.uerj.br\/egressos\/?page_id=9","title":{"rendered":"EQUIPE"},"content":{"rendered":"\t\t<div data-elementor-type=\"wp-page\" data-elementor-id=\"9\" class=\"elementor elementor-9\">\n\t\t\t\t\t\t<section class=\"elementor-section elementor-top-section elementor-element elementor-element-31ec04e elementor-section-boxed elementor-section-height-default elementor-section-height-default\" data-id=\"31ec04e\" data-element_type=\"section\" data-e-type=\"section\">\n\t\t\t\t\t\t<div class=\"elementor-container elementor-column-gap-default\">\n\t\t\t\t\t<div class=\"elementor-column elementor-col-100 elementor-top-column elementor-element elementor-element-ea09959\" data-id=\"ea09959\" data-element_type=\"column\" data-e-type=\"column\">\n\t\t\t<div class=\"elementor-widget-wrap elementor-element-populated\">\n\t\t\t\t\t\t<div class=\"elementor-element elementor-element-612eb42 elementor-widget elementor-widget-text-editor\" data-id=\"612eb42\" data-element_type=\"widget\" data-e-type=\"widget\" data-widget_type=\"text-editor.default\">\n\t\t\t\t<div class=\"elementor-widget-container\">\n\t\t\t\t\t\t\t\t\t<p><b>O projeto de pesquisa vem sendo desenvolvido pelos seguintes setores da UERJ: <\/b><span style=\"font-weight: 400;\">Laborat\u00f3rio de Tecnologia de Informa\u00e7\u00e3o e Comunica\u00e7\u00e3o &#8211; LaTIC (DAPI &#8211; PR1) em conjunto com o Departamento de Orienta\u00e7\u00e3o e Supervis\u00e3o Pedag\u00f3gica (DEP &#8211; PR1), o Departamento de Pol\u00edticas e A\u00e7\u00f5es em Educa\u00e7\u00e3o a Dist\u00e2ncia (DPAED)\u00a0 e a Diretoria-Geral de Tecnologia da Informa\u00e7\u00e3o da UERJ (DGTI).<\/span><\/p>\t\t\t\t\t\t\t\t<\/div>\n\t\t\t\t<\/div>\n\t\t\t\t\t<\/div>\n\t\t<\/div>\n\t\t\t\t\t<\/div>\n\t\t<\/section>\n\t\t\t\t<section class=\"elementor-section elementor-top-section elementor-element elementor-element-3b90426 elementor-section-boxed elementor-section-height-default elementor-section-height-default\" data-id=\"3b90426\" data-element_type=\"section\" data-e-type=\"section\">\n\t\t\t\t\t\t<div class=\"elementor-container elementor-column-gap-default\">\n\t\t\t\t\t<div class=\"elementor-column elementor-col-100 elementor-top-column elementor-element elementor-element-5298bc8\" data-id=\"5298bc8\" data-element_type=\"column\" data-e-type=\"column\">\n\t\t\t<div class=\"elementor-widget-wrap elementor-element-populated\">\n\t\t\t\t\t\t<div class=\"elementor-element elementor-element-8f4a955 elementor-view-default elementor-widget elementor-widget-icon\" data-id=\"8f4a955\" data-element_type=\"widget\" data-e-type=\"widget\" data-widget_type=\"icon.default\">\n\t\t\t\t<div class=\"elementor-widget-container\">\n\t\t\t\t\t\t\t<div class=\"elementor-icon-wrapper\">\n\t\t\t<div class=\"elementor-icon\">\n\t\t\t<i aria-hidden=\"true\" class=\"fas fa-chalkboard-teacher\"><\/i>\t\t\t<\/div>\n\t\t<\/div>\n\t\t\t\t\t\t<\/div>\n\t\t\t\t<\/div>\n\t\t\t\t\t<\/div>\n\t\t<\/div>\n\t\t\t\t\t<\/div>\n\t\t<\/section>\n\t\t\t\t<section class=\"elementor-section elementor-top-section elementor-element elementor-element-6258d5a4 elementor-section-boxed elementor-section-height-default elementor-section-height-default\" data-id=\"6258d5a4\" data-element_type=\"section\" data-e-type=\"section\">\n\t\t\t\t\t\t<div class=\"elementor-container elementor-column-gap-default\">\n\t\t\t\t\t<div class=\"elementor-column elementor-col-100 elementor-top-column elementor-element elementor-element-c7b9d0\" data-id=\"c7b9d0\" data-element_type=\"column\" data-e-type=\"column\">\n\t\t\t<div class=\"elementor-widget-wrap elementor-element-populated\">\n\t\t\t\t\t\t<div class=\"elementor-element elementor-element-497b9254 elementor-widget__width-initial elementor-widget elementor-widget-text-editor\" data-id=\"497b9254\" data-element_type=\"widget\" data-e-type=\"widget\" data-widget_type=\"text-editor.default\">\n\t\t\t\t<div class=\"elementor-widget-container\">\n\t\t\t\t\t\t\t\t\t<p><\/p>\n<p>A equipe do projeto PROTEC \u00e9 composta por:<\/p>\n<ul>\n<li><strong>Alexsandra Barbosa da Silva<\/strong> &#8211; <span style=\"font-weight: 400;\">Pedagoga (LATIC-DAPI)<\/span><\/li>\n<li><strong>Bruno Gomes de Oliveira<\/strong>\u00a0&#8211; Assistente Administrativo (DPAED)<\/li>\n<li><strong>Caren Victorino Regis<\/strong> &#8211; Pedagoga (DEP)<\/li>\n<li><strong style=\"background-color: inherit;\">Wigberto Gon\u00e7alves Nascimento J\u00fanior<\/strong><span style=\"background-color: inherit;\"> &#8211; Analista de Sistemas (DGTI)<\/span><\/li>\n<\/ul>\n<p><\/p>\t\t\t\t\t\t\t\t<\/div>\n\t\t\t\t<\/div>\n\t\t\t\t\t<\/div>\n\t\t<\/div>\n\t\t\t\t\t<\/div>\n\t\t<\/section>\n\t\t\t\t<section class=\"elementor-section elementor-top-section elementor-element elementor-element-08cb492 elementor-section-boxed elementor-section-height-default elementor-section-height-default\" data-id=\"08cb492\" data-element_type=\"section\" data-e-type=\"section\">\n\t\t\t\t\t\t<div class=\"elementor-container elementor-column-gap-default\">\n\t\t\t\t\t<div class=\"elementor-column elementor-col-100 elementor-top-column elementor-element elementor-element-44659ff\" data-id=\"44659ff\" data-element_type=\"column\" data-e-type=\"column\">\n\t\t\t<div class=\"elementor-widget-wrap elementor-element-populated\">\n\t\t\t\t\t\t<div class=\"elementor-element elementor-element-46458c8 elementor-arrows-position-inside elementor-pagination-position-outside elementor-widget elementor-widget-image-carousel\" data-id=\"46458c8\" data-element_type=\"widget\" data-e-type=\"widget\" data-settings=\"{&quot;slides_to_show&quot;:&quot;4&quot;,&quot;navigation&quot;:&quot;both&quot;,&quot;autoplay&quot;:&quot;yes&quot;,&quot;pause_on_hover&quot;:&quot;yes&quot;,&quot;pause_on_interaction&quot;:&quot;yes&quot;,&quot;autoplay_speed&quot;:5000,&quot;infinite&quot;:&quot;yes&quot;,&quot;speed&quot;:500}\" data-widget_type=\"image-carousel.default\">\n\t\t\t\t<div class=\"elementor-widget-container\">\n\t\t\t\t\t\t\t<div class=\"elementor-image-carousel-wrapper swiper\" role=\"region\" aria-roledescription=\"carousel\" aria-label=\"Carrossel de imagens\" dir=\"ltr\">\n\t\t\t<div class=\"elementor-image-carousel swiper-wrapper\" aria-live=\"off\">\n\t\t\t\t\t\t\t\t<div class=\"swiper-slide\" role=\"group\" aria-roledescription=\"slide\" aria-label=\"1 de 4\"><figure class=\"swiper-slide-inner\"><img decoding=\"async\" class=\"swiper-slide-image\" src=\"https:\/\/latic.uerj.br\/egressos\/wp-content\/uploads\/sites\/2\/2023\/04\/foto-perfil-150x150.jpg\" alt=\"Alexsandra Barbosa\" \/><figcaption class=\"elementor-image-carousel-caption\">Alexsandra Barbosa<\/figcaption><\/figure><\/div><div class=\"swiper-slide\" role=\"group\" aria-roledescription=\"slide\" aria-label=\"2 de 4\"><figure class=\"swiper-slide-inner\"><img decoding=\"async\" class=\"swiper-slide-image\" src=\"https:\/\/latic.uerj.br\/egressos\/wp-content\/uploads\/sites\/2\/2023\/04\/WhatsApp-Image-2023-04-27-at-23.09.55-e1682647902866-150x150.jpeg\" alt=\"Bruno Oliveira\" \/><figcaption class=\"elementor-image-carousel-caption\">Bruno Oliveira<\/figcaption><\/figure><\/div><div class=\"swiper-slide\" role=\"group\" aria-roledescription=\"slide\" aria-label=\"3 de 4\"><figure class=\"swiper-slide-inner\"><img decoding=\"async\" class=\"swiper-slide-image\" src=\"https:\/\/latic.uerj.br\/egressos\/wp-content\/uploads\/sites\/2\/2023\/04\/WhatsApp-Image-2023-04-27-at-23.09.56-150x150.jpeg\" alt=\"Caren Regis\" \/><figcaption class=\"elementor-image-carousel-caption\">Caren Regis<\/figcaption><\/figure><\/div><div class=\"swiper-slide\" role=\"group\" aria-roledescription=\"slide\" aria-label=\"4 de 4\"><figure class=\"swiper-slide-inner\"><img decoding=\"async\" class=\"swiper-slide-image\" src=\"https:\/\/latic.uerj.br\/egressos\/wp-content\/uploads\/sites\/2\/2023\/04\/foto-lattes-2-150x150.jpg\" alt=\"Wigberto J\u00fanior\" \/><figcaption class=\"elementor-image-carousel-caption\">Wigberto J\u00fanior<\/figcaption><\/figure><\/div>\t\t\t<\/div>\n\t\t\t\t\t\t\t\t\t\t\t\t<div class=\"elementor-swiper-button elementor-swiper-button-prev\" role=\"button\" tabindex=\"0\">\n\t\t\t\t\t\t<i aria-hidden=\"true\" class=\"eicon-chevron-left\"><\/i>\t\t\t\t\t<\/div>\n\t\t\t\t\t<div class=\"elementor-swiper-button elementor-swiper-button-next\" role=\"button\" tabindex=\"0\">\n\t\t\t\t\t\t<i aria-hidden=\"true\" class=\"eicon-chevron-right\"><\/i>\t\t\t\t\t<\/div>\n\t\t\t\t\n\t\t\t\t\t\t\t\t\t<div class=\"swiper-pagination\"><\/div>\n\t\t\t\t\t\t\t\t\t<\/div>\n\t\t\t\t\t\t<\/div>\n\t\t\t\t<\/div>\n\t\t\t\t\t<\/div>\n\t\t<\/div>\n\t\t\t\t\t<\/div>\n\t\t<\/section>\n\t\t\t\t<\/div>\n\t\t","protected":false},"excerpt":{"rendered":"<p>O projeto de pesquisa vem sendo desenvolvido pelos seguintes setores da UERJ: Laborat\u00f3rio de Tecnologia de Informa\u00e7\u00e3o e Comunica\u00e7\u00e3o &#8211; LaTIC (DAPI &#8211; PR1) em conjunto com o Departamento de Orienta\u00e7\u00e3o e Supervis\u00e3o Pedag\u00f3gica (DEP &#8211; PR1), o Departamento de Pol\u00edticas <a href=\"https:\/\/latic.uerj.br\/egressos\/?page_id=9\" class=\"read-more\">Read More &#8230;<\/a><\/p>\n","protected":false},"author":3,"featured_media":0,"parent":0,"menu_order":0,"comment_status":"closed","ping_status":"closed","template":"","meta":{"_themeisle_gutenberg_block_has_review":false,"footnotes":""},"class_list":["post-9","page","type-page","status-publish","hentry"],"_links":{"self":[{"href":"https:\/\/latic.uerj.br\/egressos\/index.php?rest_route=\/wp\/v2\/pages\/9","targetHints":{"allow":["GET"]}}],"collection":[{"href":"https:\/\/latic.uerj.br\/egressos\/index.php?rest_route=\/wp\/v2\/pages"}],"about":[{"href":"https:\/\/latic.uerj.br\/egressos\/index.php?rest_route=\/wp\/v2\/types\/page"}],"author":[{"embeddable":true,"href":"https:\/\/latic.uerj.br\/egressos\/index.php?rest_route=\/wp\/v2\/users\/3"}],"replies":[{"embeddable":true,"href":"https:\/\/latic.uerj.br\/egressos\/index.php?rest_route=%2Fwp%2Fv2%2Fcomments&post=9"}],"version-history":[{"count":28,"href":"https:\/\/latic.uerj.br\/egressos\/index.php?rest_route=\/wp\/v2\/pages\/9\/revisions"}],"predecessor-version":[{"id":334,"href":"https:\/\/latic.uerj.br\/egressos\/index.php?rest_route=\/wp\/v2\/pages\/9\/revisions\/334"}],"wp:attachment":[{"href":"https:\/\/latic.uerj.br\/egressos\/index.php?rest_route=%2Fwp%2Fv2%2Fmedia&parent=9"}],"curies":[{"name":"wp","href":"https:\/\/api.w.org\/{rel}","templated":true}]}}